{"id":114,"date":"2023-05-17T10:05:53","date_gmt":"2023-05-17T10:05:53","guid":{"rendered":"http:\/\/www.kelm.solutions\/WP\/?page_id=114"},"modified":"2024-09-28T11:26:46","modified_gmt":"2024-09-28T11:26:46","slug":"realizacje","status":"publish","type":"page","link":"https:\/\/www.kelm.solutions\/WP\/?page_id=114","title":{"rendered":"realizacje"},"content":{"rendered":"<div class=\"breadcrumbs align  wp-block-bcn-breadcrumb-trail has-text-color has-background has-yuki-font-tiny-font-size\" vocab=\"https:\/\/schema.org\/\" typeof=\"BreadcrumbList\">\n\t<span><\/span>\n\t<span property=\"itemListElement\" typeof=\"ListItem\"><a property=\"item\" typeof=\"WebPage\" title=\"Przejd\u017a do KELM Solutions.\" href=\"https:\/\/www.kelm.solutions\/WP\" class=\"home\" aria-current=\"page\"><span property=\"name\">Home<\/span><\/a><meta property=\"position\" content=\"1\"><\/span><\/div>\n\n\n<div class=\"root-eb-post-grid-s25dd wp-block-essential-blocks-post-grid\">\n    <div class=\"eb-parent-wrapper eb-parent-eb-post-grid-s25dd eb_animation eb___animated eb___fadeInUp\">\n        <div class=\"eb-post-grid-s25dd style-2 eb-post-grid-wrapper\"\n            data-id=\"eb-post-grid-s25dd\"\n            data-querydata=\"{&quot;source&quot;:&quot;post&quot;,&quot;sourceIndex&quot;:0,&quot;rest_base&quot;:&quot;posts&quot;,&quot;rest_namespace&quot;:&quot;wp\\\/v2&quot;,&quot;author&quot;:&quot;&quot;,&quot;taxonomies&quot;:[],&quot;per_page&quot;:&quot;6&quot;,&quot;offset&quot;:&quot;0&quot;,&quot;orderby&quot;:&quot;date&quot;,&quot;order&quot;:&quot;desc&quot;,&quot;include&quot;:&quot;&quot;,&quot;exclude&quot;:&quot;&quot;,&quot;exclude_current&quot;:false,&quot;exclude_password_protected&quot;:true,&quot;ignore_sticky_posts&quot;:false}\"\n            data-attributes=\"{&quot;thumbnailSize&quot;:&quot;&quot;,&quot;loadMoreOptions&quot;:{&quot;enableMorePosts&quot;:true,&quot;loadMoreType&quot;:&quot;1&quot;,&quot;loadMoreButtonTxt&quot;:&quot;Wi\\u0119cej&quot;,&quot;alignment&quot;:&quot;center&quot;,&quot;prevTxt&quot;:&quot;&lt;&quot;,&quot;nextTxt&quot;:&quot;&gt;&quot;,&quot;totalPosts&quot;:2},&quot;showSearch&quot;:false,&quot;showTaxonomyFilter&quot;:false,&quot;enableAjaxSearch&quot;:false,&quot;addIcon&quot;:true,&quot;iconPosition&quot;:&quot;left&quot;,&quot;icon&quot;:&quot;fas fa-chevron-right&quot;,&quot;preset&quot;:&quot;style-2&quot;,&quot;defaultFilter&quot;:&quot;all&quot;,&quot;version&quot;:&quot;v2&quot;,&quot;showBlockContent&quot;:true,&quot;showFallbackImg&quot;:false,&quot;fallbackImgUrl&quot;:&quot;&quot;,&quot;showThumbnail&quot;:true,&quot;showTitle&quot;:true,&quot;titleLength&quot;:&quot;&quot;,&quot;titleTag&quot;:&quot;h2&quot;,&quot;showContent&quot;:true,&quot;contentLength&quot;:50,&quot;expansionIndicator&quot;:&quot;...&quot;,&quot;showReadMore&quot;:false,&quot;readmoreText&quot;:&quot;czytaj dalej...&quot;,&quot;showMeta&quot;:true,&quot;headerMeta&quot;:&quot;[{\\&quot;value\\&quot;:\\&quot;date\\&quot;,\\&quot;label\\&quot;:\\&quot;Published Date\\&quot;},{\\&quot;value\\&quot;:\\&quot;readtime\\&quot;,\\&quot;label\\&quot;:\\&quot;Read Time\\&quot;}]&quot;,&quot;footerMeta&quot;:&quot;false&quot;,&quot;authorPrefix&quot;:&quot;by&quot;,&quot;datePrefix&quot;:&quot;&quot;}\">\n\n            \n\n            <div class=\"eb-post-grid-posts-wrapper\"><article class=\"ebpg-grid-post ebpg-post-grid-column\" data-id=\"1318\"><div class=\"ebpg-grid-post-holder\"><div class=\"ebpg-entry-wrapper\"><div class=\"ebpg-entry-media\">\n                <div class=\"ebpg-entry-thumbnail\">\n                    <a class=\"ebpg-post-link-wrapper eb-sr-only\" href=\"https:\/\/www.kelm.solutions\/WP\/?p=1318\">Inwentaryzacje fotograficzne i inspekcje wzd\u0142u\u017c dr\u00f3g i innych obiekt\u00f3w liniowych<\/a>\n                    <img fetchpriority=\"high\" decoding=\"async\" width=\"1920\" height=\"1080\" src=\"https:\/\/www.kelm.solutions\/WP\/wp-content\/uploads\/2025\/11\/FOTOINWENTARYZACJA_SD.mp4_snapshot_01.31_2025.11.29_14.18.40.jpg\" class=\"attachment-full size-full\" alt=\"\" \/>\n                <\/div>\n            <\/div><header class=\"ebpg-entry-header\">\n            <h2 class=\"ebpg-entry-title\">\n                <a class=\"ebpg-grid-post-link\" href=\"https:\/\/www.kelm.solutions\/WP\/?p=1318\" title=\"Inwentaryzacje fotograficzne i inspekcje wzd\u0142u\u017c dr\u00f3g i innych obiekt\u00f3w liniowych\">Inwentaryzacje fotograficzne i inspekcje wzd\u0142u\u017c dr\u00f3g i innych obiekt\u00f3w liniowych<\/a>\n            <\/h2>\n        <\/header><div class=\"ebpg-entry-meta ebpg-header-meta\"><div class=\"ebpg-entry-meta-items\"><span class=\"ebpg-posted-on\">\n             29 listopada, 2025\n        <\/span><span class=\"ebpg-read-time\"><i class=\"fas fa-clock\"><\/i>3 minutes read<\/span><\/div><\/div><div class=\"ebpg-entry-content\"><div class=\"ebpg-grid-post-excerpt\">\n            <p>W sierpniu i listopadzie br. przeprowadzili\u015bmy dla naszych Klient\u00f3w kilka zada\u0144 zwi\u0105zanych z inwentaryzacj\u0105 fotograficzn\u0105 oraz inspekcj\u0105 stanu technicznego zabudowy zlokalizowanej wzd\u0142u\u017c dr\u00f3g wojew\u00f3dzkich i krajowych. Cho\u0107 oba procesy cz\u0119sto wydaj\u0105 si\u0119 to\u017csame, r\u00f3\u017cni\u0105 si\u0119 zakresem i celem \u2013 i \u015bwietnie by\u0142o to widoczne w ostatnich realizacjach.\n\n\n\nInspekcja \u2013 szczeg\u00f3\u0142owy przegl\u0105d&#8230;<\/p>\n        <\/div><\/div><div class=\"ebpg-entry-meta ebpg-footer-meta\"><div class=\"ebpg-entry-meta-items\"><\/div><\/div><\/div><\/div><\/article><article class=\"ebpg-grid-post ebpg-post-grid-column\" data-id=\"1074\"><div class=\"ebpg-grid-post-holder\"><div class=\"ebpg-entry-wrapper\"><div class=\"ebpg-entry-media\">\n                <div class=\"ebpg-entry-thumbnail\">\n                    <a class=\"ebpg-post-link-wrapper eb-sr-only\" href=\"https:\/\/www.kelm.solutions\/WP\/?p=1074\">Pomiar kubaturowy prac ziemnych<\/a>\n                    <img decoding=\"async\" width=\"1920\" height=\"1080\" src=\"https:\/\/www.kelm.solutions\/WP\/wp-content\/uploads\/2024\/01\/wykop_zajawka_LinkedIn.jpg\" class=\"attachment-full size-full\" alt=\"\" \/>\n                <\/div>\n            <\/div><header class=\"ebpg-entry-header\">\n            <h2 class=\"ebpg-entry-title\">\n                <a class=\"ebpg-grid-post-link\" href=\"https:\/\/www.kelm.solutions\/WP\/?p=1074\" title=\"Pomiar kubaturowy prac ziemnych\">Pomiar kubaturowy prac ziemnych<\/a>\n            <\/h2>\n        <\/header><div class=\"ebpg-entry-meta ebpg-header-meta\"><div class=\"ebpg-entry-meta-items\"><span class=\"ebpg-posted-on\">\n             19 wrze\u015bnia, 2024\n        <\/span><span class=\"ebpg-read-time\"><i class=\"fas fa-clock\"><\/i>2 minutes read<\/span><\/div><\/div><div class=\"ebpg-entry-content\"><div class=\"ebpg-grid-post-excerpt\">\n            <p>Od wielu lat z sukcesem wykorzystujemy nasze techniki pomiarowe do okre\u015blania wolumenu materia\u0142\u00f3w sypkich, odpad\u00f3w, mas ziemnych, ale te\u017c biomasy czy homogenicznych obiekt\u00f3w (np. pojemnik\u00f3w, puszek, opon). Tym razem chcemy si\u0119 podzieli\u0107 relacj\u0105 z wykonanych w ostatnim czasie, kolejnych ju\u017c z serii pomiar\u00f3w kubaturowych na placu budowy w Ma\u0142opolsce. Dla&#8230;<\/p>\n        <\/div><\/div><div class=\"ebpg-entry-meta ebpg-footer-meta\"><div class=\"ebpg-entry-meta-items\"><\/div><\/div><\/div><\/div><\/article><\/div>        <\/div>\n    <\/div>\n<\/div>\n","protected":false},"excerpt":{"rendered":"","protected":false},"author":1,"featured_media":0,"parent":0,"menu_order":0,"comment_status":"closed","ping_status":"closed","template":"","meta":{"_eb_attr":"","site-container-style":"default","site-container-layout":"default","site-sidebar-layout":"default","disable-article-header":"default","disable-site-header":"default","disable-site-footer":"default","disable-content-area-spacing":"default","footnotes":""},"class_list":["post-114","page","type-page","status-publish","hentry"],"jetpack-related-posts":[],"jetpack_sharing_enabled":true,"featured_media_urls":[],"_links":{"self":[{"href":"https:\/\/www.kelm.solutions\/WP\/index.php?rest_route=\/wp\/v2\/pages\/114","targetHints":{"allow":["GET"]}}],"collection":[{"href":"https:\/\/www.kelm.solutions\/WP\/index.php?rest_route=\/wp\/v2\/pages"}],"about":[{"href":"https:\/\/www.kelm.solutions\/WP\/index.php?rest_route=\/wp\/v2\/types\/page"}],"author":[{"embeddable":true,"href":"https:\/\/www.kelm.solutions\/WP\/index.php?rest_route=\/wp\/v2\/users\/1"}],"replies":[{"embeddable":true,"href":"https:\/\/www.kelm.solutions\/WP\/index.php?rest_route=%2Fwp%2Fv2%2Fcomments&post=114"}],"version-history":[{"count":16,"href":"https:\/\/www.kelm.solutions\/WP\/index.php?rest_route=\/wp\/v2\/pages\/114\/revisions"}],"predecessor-version":[{"id":1257,"href":"https:\/\/www.kelm.solutions\/WP\/index.php?rest_route=\/wp\/v2\/pages\/114\/revisions\/1257"}],"wp:attachment":[{"href":"https:\/\/www.kelm.solutions\/WP\/index.php?rest_route=%2Fwp%2Fv2%2Fmedia&parent=114"}],"curies":[{"name":"wp","href":"https:\/\/api.w.org\/{rel}","templated":true}]}}