{"id":116,"date":"2023-05-17T10:06:02","date_gmt":"2023-05-17T10:06:02","guid":{"rendered":"http:\/\/www.kelm.solutions\/WP\/?page_id=116"},"modified":"2024-07-08T21:55:32","modified_gmt":"2024-07-08T21:55:32","slug":"kontakt","status":"publish","type":"page","link":"https:\/\/www.kelm.solutions\/WP\/?page_id=116","title":{"rendered":"kontakt"},"content":{"rendered":"<div class=\"breadcrumbs align  wp-block-bcn-breadcrumb-trail has-text-color has-background has-yuki-font-tiny-font-size\" vocab=\"https:\/\/schema.org\/\" typeof=\"BreadcrumbList\">\n\t<span><\/span>\n\t<span property=\"itemListElement\" typeof=\"ListItem\"><a property=\"item\" typeof=\"WebPage\" title=\"Przejd\u017a do KELM Solutions.\" href=\"https:\/\/www.kelm.solutions\/WP\" class=\"home\" aria-current=\"page\"><span property=\"name\">Home<\/span><\/a><meta property=\"position\" content=\"1\"><\/span><\/div>\n\n\n\n<div class=\"wp-block-stackable-columns stk-block-columns stk-block stk-ebcf7e3\" data-block-id=\"ebcf7e3\"><div class=\"stk-row stk-inner-blocks stk-block-content stk-content-align stk-ebcf7e3-column\">\n<div class=\"wp-block-stackable-column stk-block-column stk-column stk-block stk-73594ea\" data-v=\"4\" data-block-id=\"73594ea\"><div class=\"stk-column-wrapper stk-block-column__content stk-container stk-73594ea-container stk--no-background stk--no-padding\"><div class=\"stk-block-content stk-inner-blocks stk-73594ea-inner-blocks\">\n<div class=\"wp-block-stackable-call-to-action stk-block-call-to-action stk-block stk-be3d2f6 is-style-default\" data-v=\"2\" data-block-id=\"be3d2f6\"><div class=\"stk-block-call-to-action__content stk-content-align stk-be3d2f6-column stk-container stk-be3d2f6-container stk-hover-parent\"><div class=\"has-text-align-center stk-block-content stk-inner-blocks stk-be3d2f6-inner-blocks\">\n<div class=\"wp-block-stackable-columns stk-block-columns stk-block stk-63b8f9f\" data-block-id=\"63b8f9f\"><div class=\"stk-row stk-inner-blocks stk-block-content stk-content-align stk-63b8f9f-column\">\n<div class=\"wp-block-stackable-column stk-block-column stk-column stk-block stk-dc2d085\" data-v=\"4\" data-block-id=\"dc2d085\"><style>@media screen and (min-width:768px){.stk-dc2d085{flex:var(--stk-flex-grow,1) 1 calc(45% - var(--stk-column-gap,0px) * 1 \/ 2 ) !important}}<\/style><div class=\"stk-column-wrapper stk-block-column__content stk-container stk-dc2d085-container stk--no-background stk--no-padding\"><div class=\"stk-block-content stk-inner-blocks stk-dc2d085-inner-blocks\">\n<div class=\"wp-block-stackable-icon stk-block-icon has-text-align-right stk-block stk-22b5a86\" data-block-id=\"22b5a86\"><style>.stk-22b5a86 .stk--svg-wrapper .stk--inner-svg svg:last-child,.stk-22b5a86 .stk--svg-wrapper .stk--inner-svg svg:last-child :is(g,path,rect,polygon,ellipse){fill:#02cb02 !important}<\/style><span class=\"stk--svg-wrapper\"><div class=\"stk--inner-svg\"><svg style=\"height:0;width:0\"><defs><linearGradient id=\"linear-gradient-22b5a86\" x1=\"0\" x2=\"100%\" y1=\"0\" y2=\"0\"><stop offset=\"0%\" style=\"stop-opacity:1;stop-color:var(--linear-gradient-22-b-5-a-86-color-1)\"><\/stop><stop offset=\"100%\" style=\"stop-opacity:1;stop-color:var(--linear-gradient-22-b-5-a-86-color-2)\"><\/stop><\/linearGradient><\/defs><\/svg><svg xmlns=\"http:\/\/www.w3.org\/2000\/svg\" viewBox=\"0 0 320 512\" aria-hidden=\"true\" width=\"32\" height=\"32\"><path d=\"M272 0H48C21.5 0 0 21.5 0 48v416c0 26.5 21.5 48 48 48h224c26.5 0 48-21.5 48-48V48c0-26.5-21.5-48-48-48zM160 480c-17.7 0-32-14.3-32-32s14.3-32 32-32 32 14.3 32 32-14.3 32-32 32zm112-108c0 6.6-5.4 12-12 12H60c-6.6 0-12-5.4-12-12V60c0-6.6 5.4-12 12-12h200c6.6 0 12 5.4 12 12v312z\"><\/path><\/svg><\/div><\/span><\/div>\n<\/div><\/div><\/div>\n\n\n\n<div class=\"wp-block-stackable-column stk-block-column stk-column stk-block stk-7bbfb30\" data-v=\"4\" data-block-id=\"7bbfb30\"><style>@media screen and (min-width:768px){.stk-7bbfb30{flex:var(--stk-flex-grow,1) 1 calc(54.999999999999986% - var(--stk-column-gap,0px) * 1 \/ 2 ) !important}}<\/style><div class=\"stk-column-wrapper stk-block-column__content stk-container stk-7bbfb30-container stk--no-background stk--no-padding\"><div class=\"stk-block-content stk-inner-blocks stk-7bbfb30-inner-blocks\">\n<div class=\"wp-block-stackable-heading stk-block-heading stk-block-heading--v2 stk-block stk-0dce907\" id=\"porozmawiajmy\" data-block-id=\"0dce907\"><h3 class=\"stk-block-heading__text has-text-align-left\">Porozmawiajmy<\/h3><\/div>\n<\/div><\/div><\/div>\n<\/div><\/div>\n\n\n\n<div class=\"wp-block-stackable-text stk-block-text stk-block stk-99c4f65\" data-block-id=\"99c4f65\"><p class=\"stk-block-text__text\">Zapraszamy do kontaktu telefonicznego z naszym biurem!<\/p><\/div>\n\n\n\n<div class=\"wp-block-stackable-button-group stk-block-button-group stk-block stk-de88fea\" data-block-id=\"de88fea\"><div class=\"stk-row stk-inner-blocks stk-block-content stk-button-group\">\n<div class=\"wp-block-stackable-button stk-block-button stk--hide-tablet stk--hide-mobile stk-block stk-6dda668\" data-block-id=\"6dda668\"><a class=\"stk-link stk-button stk--hover-effect-darken\" href=\"callto:+48604111742\" rel=\"callto:+48604111742\"><span class=\"stk-button__inner-text\">Zadzwo\u0144 teraz!<\/span><\/a><\/div>\n\n\n\n<div class=\"wp-block-stackable-button stk-block-button stk--hide-desktop stk-block stk-16ad808\" data-block-id=\"16ad808\"><a class=\"stk-link stk-button stk--hover-effect-darken\" href=\"tel:+48604111742\" title=\"tel:+48604111742\" rel=\"tel:+48604111742\"><span class=\"stk-button__inner-text\">Zadzwo\u0144 teraz!<\/span><\/a><\/div>\n<\/div><\/div>\n<\/div><\/div><\/div>\n<\/div><\/div><\/div>\n\n\n\n<div class=\"wp-block-stackable-column stk-block-column stk-column stk-block stk-e379e79\" data-v=\"4\" data-block-id=\"e379e79\"><div class=\"stk-column-wrapper stk-block-column__content stk-container stk-e379e79-container stk--no-background stk--no-padding\"><div class=\"stk-block-content stk-inner-blocks stk-e379e79-inner-blocks\">\n<div class=\"wp-block-stackable-call-to-action stk-block-call-to-action stk-block stk-52b1350 is-style-default\" data-v=\"2\" data-block-id=\"52b1350\"><div class=\"stk-block-call-to-action__content stk-content-align stk-52b1350-column stk-container stk-52b1350-container stk-hover-parent\"><div class=\"has-text-align-center stk-block-content stk-inner-blocks stk-52b1350-inner-blocks\">\n<div class=\"wp-block-stackable-columns stk-block-columns stk-block stk-ba43815\" data-block-id=\"ba43815\"><div class=\"stk-row stk-inner-blocks stk-block-content stk-content-align stk-ba43815-column\">\n<div class=\"wp-block-stackable-column stk-block-column stk-column stk-block stk-6b96fbe\" data-v=\"4\" data-block-id=\"6b96fbe\"><style>@media screen and (min-width:768px){.stk-6b96fbe{flex:var(--stk-flex-grow,1) 1 calc(45% - var(--stk-column-gap,0px) * 1 \/ 2 ) !important}}<\/style><div class=\"stk-column-wrapper stk-block-column__content stk-container stk-6b96fbe-container stk--no-background stk--no-padding\"><div class=\"stk-block-content stk-inner-blocks stk-6b96fbe-inner-blocks\">\n<div class=\"wp-block-stackable-icon stk-block-icon has-text-align-right stk-block stk-52c2296\" data-block-id=\"52c2296\"><style>.stk-52c2296 .stk--svg-wrapper .stk--inner-svg svg:last-child,.stk-52c2296 .stk--svg-wrapper .stk--inner-svg svg:last-child :is(g,path,rect,polygon,ellipse){fill:#02cb02 !important}<\/style><span class=\"stk--svg-wrapper\"><div class=\"stk--inner-svg\"><svg style=\"height:0;width:0\"><defs><linearGradient id=\"linear-gradient-52c2296\" x1=\"0\" x2=\"100%\" y1=\"0\" y2=\"0\"><stop offset=\"0%\" style=\"stop-opacity:1;stop-color:var(--linear-gradient-52-c-2296-color-1)\"><\/stop><stop offset=\"100%\" style=\"stop-opacity:1;stop-color:var(--linear-gradient-52-c-2296-color-2)\"><\/stop><\/linearGradient><\/defs><\/svg><svg xmlns=\"http:\/\/www.w3.org\/2000\/svg\" viewBox=\"0 0 512 512\" aria-hidden=\"true\" width=\"32\" height=\"32\"><path d=\"M494.586 164.516c-4.697-3.883-111.723-89.95-135.251-108.657C337.231 38.191 299.437 0 256 0c-43.205 0-80.636 37.717-103.335 55.859-24.463 19.45-131.07 105.195-135.15 108.549A48.004 48.004 0 0 0 0 201.485V464c0 26.51 21.49 48 48 48h416c26.51 0 48-21.49 48-48V201.509a48 48 0 0 0-17.414-36.993zM464 458a6 6 0 0 1-6 6H54a6 6 0 0 1-6-6V204.347c0-1.813.816-3.526 2.226-4.665 15.87-12.814 108.793-87.554 132.364-106.293C200.755 78.88 232.398 48 256 48c23.693 0 55.857 31.369 73.41 45.389 23.573 18.741 116.503 93.493 132.366 106.316a5.99 5.99 0 0 1 2.224 4.663V458zm-31.991-187.704c4.249 5.159 3.465 12.795-1.745 16.981-28.975 23.283-59.274 47.597-70.929 56.863C336.636 362.283 299.205 400 256 400c-43.452 0-81.287-38.237-103.335-55.86-11.279-8.967-41.744-33.413-70.927-56.865-5.21-4.187-5.993-11.822-1.745-16.981l15.258-18.528c4.178-5.073 11.657-5.843 16.779-1.726 28.618 23.001 58.566 47.035 70.56 56.571C200.143 320.631 232.307 352 256 352c23.602 0 55.246-30.88 73.41-45.389 11.994-9.535 41.944-33.57 70.563-56.568 5.122-4.116 12.601-3.346 16.778 1.727l15.258 18.526z\"><\/path><\/svg><\/div><\/span><\/div>\n<\/div><\/div><\/div>\n\n\n\n<div class=\"wp-block-stackable-column stk-block-column stk-column stk-block stk-26f49a0\" data-v=\"4\" data-block-id=\"26f49a0\"><style>@media screen and (min-width:768px){.stk-26f49a0{flex:var(--stk-flex-grow,1) 1 calc(55% - var(--stk-column-gap,0px) * 1 \/ 2 ) !important}}<\/style><div class=\"stk-column-wrapper stk-block-column__content stk-container stk-26f49a0-container stk--no-background stk--no-padding\"><div class=\"stk-block-content stk-inner-blocks stk-26f49a0-inner-blocks\">\n<div class=\"wp-block-stackable-heading stk-block-heading stk-block-heading--v2 stk-block stk-a8af484\" id=\"wyslij-do-nas-wiadomosc\" data-block-id=\"a8af484\"><h3 class=\"stk-block-heading__text has-text-align-left\">Wy\u015blij do nas wiadomo\u015b\u0107<\/h3><\/div>\n<\/div><\/div><\/div>\n<\/div><\/div>\n\n\n\n<div class=\"wp-block-stackable-text stk-block-text stk-block stk-2eeba5b\" data-block-id=\"2eeba5b\"><p class=\"stk-block-text__text\">Zapraszamy do kontaktu e-mailowego z naszym biurem!<\/p><\/div>\n\n\n\n<div class=\"wp-block-stackable-button-group stk-block-button-group stk-block stk-eb04f4e\" data-block-id=\"eb04f4e\"><div class=\"stk-row stk-inner-blocks stk-block-content stk-button-group\">\n<div class=\"wp-block-stackable-button stk-block-button stk-block stk-d1ca29e\" data-block-id=\"d1ca29e\"><a class=\"stk-link stk-button stk--hover-effect-darken\" href=\"mailto:biuro@kelm.solutions?subject=[Kontakt ze strony WWW]\" rel=\"mailto:biuro@kelm.solutions\"><span class=\"stk-button__inner-text\">Napisz teraz!<\/span><\/a><\/div>\n<\/div><\/div>\n<\/div><\/div><\/div>\n<\/div><\/div><\/div>\n<\/div><\/div>\n\n\n\n<div class=\"wp-block-stackable-map stk-block-map stk-block stk-a85b6eb\" data-block-id=\"a85b6eb\"><iframe\n\t\t\t\t\t\ttitle=\"Embedded content from Google Maps Platform.\"\n\t\t\t\t\t\tsrc=\"https:\/\/maps.google.com\/maps?q=KELM Solutions&#038;t=&#038;z=12&#038;ie=UTF8&#038;output=embed\"\n\t\t\t\t\t\tstyle=\"border:0;width:100%;max-width:none;max-height:none;height:100%;\"\n\t\t\t\t\t\taria-hidden=\"false\"\n\t\t\t\t\t\ttabIndex=\"0\"\n\t\t\t\t\t\tallowfullscreen\n\t\t\t\t\t\tloading=\"lazy\"\n\t\t\t\t\t\tframeBorder=\"0\"\n\t\t\t\t\t><\/iframe><\/div>\n","protected":false},"excerpt":{"rendered":"<p>Porozmawiajmy Zapraszamy do kontaktu telefonicznego z naszym biurem! Zadzwo\u0144 teraz! Zadzwo\u0144 teraz! Wy\u015blij do nas wiadomo\u015b\u0107 Zapraszamy do kontaktu e-mailowego z naszym biurem! Napisz teraz!<\/p>\n","protected":false},"author":1,"featured_media":0,"parent":0,"menu_order":0,"comment_status":"closed","ping_status":"closed","template":"elementor_theme","meta":{"_eb_attr":"","site-container-style":"default","site-container-layout":"default","site-sidebar-layout":"default","disable-article-header":"default","disable-site-header":"default","disable-site-footer":"default","disable-content-area-spacing":"default","footnotes":""},"class_list":["post-116","page","type-page","status-publish","hentry"],"jetpack-related-posts":[],"jetpack_sharing_enabled":true,"featured_media_urls":[],"_links":{"self":[{"href":"https:\/\/www.kelm.solutions\/WP\/index.php?rest_route=\/wp\/v2\/pages\/116","targetHints":{"allow":["GET"]}}],"collection":[{"href":"https:\/\/www.kelm.solutions\/WP\/index.php?rest_route=\/wp\/v2\/pages"}],"about":[{"href":"https:\/\/www.kelm.solutions\/WP\/index.php?rest_route=\/wp\/v2\/types\/page"}],"author":[{"embeddable":true,"href":"https:\/\/www.kelm.solutions\/WP\/index.php?rest_route=\/wp\/v2\/users\/1"}],"replies":[{"embeddable":true,"href":"https:\/\/www.kelm.solutions\/WP\/index.php?rest_route=%2Fwp%2Fv2%2Fcomments&post=116"}],"version-history":[{"count":28,"href":"https:\/\/www.kelm.solutions\/WP\/index.php?rest_route=\/wp\/v2\/pages\/116\/revisions"}],"predecessor-version":[{"id":1153,"href":"https:\/\/www.kelm.solutions\/WP\/index.php?rest_route=\/wp\/v2\/pages\/116\/revisions\/1153"}],"wp:attachment":[{"href":"https:\/\/www.kelm.solutions\/WP\/index.php?rest_route=%2Fwp%2Fv2%2Fmedia&parent=116"}],"curies":[{"name":"wp","href":"https:\/\/api.w.org\/{rel}","templated":true}]}}