{"id":1276,"date":"2024-11-18T12:18:20","date_gmt":"2024-11-18T12:18:20","guid":{"rendered":"https:\/\/www.kelm.solutions\/WP\/?page_id=1276"},"modified":"2024-12-03T23:01:08","modified_gmt":"2024-12-03T23:01:08","slug":"rozwiazania","status":"publish","type":"page","link":"https:\/\/www.kelm.solutions\/WP\/?page_id=1276","title":{"rendered":"rozwi\u0105zania"},"content":{"rendered":"\n<div class=\"wp-block-stackable-text stk-block-text stk-block stk-3e92359\" data-block-id=\"3e92359\"><p class=\"stk-block-text__text has-text-align-justify\">Nasze dzia\u0142ania nie ko\u0144cz\u0105 si\u0119 na dostarczeniu danych przestrzennych. Dopiero tutaj zaczyna si\u0119 wspania\u0142a przygoda! Prawdziwa wiedza p\u0142ynie z analizy informacji, przy wykorzystaniu wszystkich dost\u0119pnych \u017ar\u00f3de\u0142 danych.<\/p><\/div>\n\n\n\n<div class=\"wp-block-stackable-text stk-block-text stk-block stk-3b97e7c\" data-block-id=\"3b97e7c\"><p class=\"stk-block-text__text has-text-align-justify\">Nasza przewaga zawiera si\u0119 w rozwi\u0105zaniach, kt\u00f3re daj\u0105 Ci u\u017cyteczn\u0105 wiedz\u0119 i narz\u0119dzia w zakresie pomiar\u00f3w, szacowania, inwentaryzacji, inspekcji w wielu dziedzinach \u017cycia gospodarczego, od geologii i geodezji, projektowania i budownictwa, a\u017c po ochron\u0119 \u015brodowiska i zagospodarowanie odpad\u00f3w, rolnictwo precyzyjne oraz le\u015bnictwo. Ci\u0105gle doskonalimy nasze metody i warsztat oraz poszukujemy niestandardowych rozwi\u0105za\u0144 w zakresie analizy geoprzestrzennej, spe\u0142niaj\u0105c oczekiwania naszych Odbiorc\u00f3w.<\/p><\/div>\n\n\n\n<div class=\"wp-block-columns is-layout-flex wp-container-core-columns-is-layout-28f84493 wp-block-columns-is-layout-flex\">\n<div class=\"wp-block-column is-layout-flow wp-block-column-is-layout-flow\">\n<div class=\"wp-block-stackable-call-to-action stk-block-call-to-action stk-block stk-972612a is-style-default\" data-v=\"2\" data-block-id=\"972612a\"><div class=\"stk-block-call-to-action__content stk-content-align stk-972612a-column stk-container stk-972612a-container stk-hover-parent\"><div class=\"has-text-align-center stk-block-content stk-inner-blocks stk-972612a-inner-blocks\">\n<div class=\"wp-block-stackable-heading stk-block-heading stk-block-heading--v2 stk-block stk-a456aee\" id=\"pomiary-materialow-masowych-kruszyw-i-wyrobisk\" data-block-id=\"a456aee\"><h3 class=\"stk-block-heading__text\">Pomiary materia\u0142\u00f3w masowych, kruszyw i wyrobisk<\/h3><\/div>\n\n\n\n<div class=\"wp-block-stackable-image stk-block-image has-text-align-center stk-block stk-f59c4ea\" data-block-id=\"f59c4ea\"><style>.stk-f59c4ea .stk-img-wrapper{aspect-ratio:16\/9 !important;height:120px !important}<\/style><figure><span class=\"stk-img-wrapper stk-image--shape-stretch\"><img fetchpriority=\"high\" decoding=\"async\" class=\"stk-img wp-image-1281\" src=\"https:\/\/www.kelm.solutions\/WP\/wp-content\/uploads\/2024\/11\/sol_1_1.jpg\" width=\"1920\" height=\"1050\" srcset=\"https:\/\/www.kelm.solutions\/WP\/wp-content\/uploads\/2024\/11\/sol_1_1.jpg 1920w, https:\/\/www.kelm.solutions\/WP\/wp-content\/uploads\/2024\/11\/sol_1_1-300x164.jpg 300w, https:\/\/www.kelm.solutions\/WP\/wp-content\/uploads\/2024\/11\/sol_1_1-768x420.jpg 768w, https:\/\/www.kelm.solutions\/WP\/wp-content\/uploads\/2024\/11\/sol_1_1-1536x840.jpg 1536w, https:\/\/www.kelm.solutions\/WP\/wp-content\/uploads\/2024\/11\/sol_1_1-500x273.jpg 500w, https:\/\/www.kelm.solutions\/WP\/wp-content\/uploads\/2024\/11\/sol_1_1-800x438.jpg 800w, https:\/\/www.kelm.solutions\/WP\/wp-content\/uploads\/2024\/11\/sol_1_1-1280x700.jpg 1280w, https:\/\/www.kelm.solutions\/WP\/wp-content\/uploads\/2024\/11\/sol_1_1-212x116.jpg 212w\" sizes=\"(max-width: 1920px) 100vw, 1920px\" \/><\/span><\/figure><\/div>\n\n\n\n<div class=\"wp-block-stackable-text stk-block-text stk-block stk-9a65f13\" data-block-id=\"9a65f13\"><p class=\"stk-block-text__text\">Inwentaryzacja stanu, analiza zmian okresowych magazyn\u00f3w i wyrobisk, opracowanie modeli bazowych dna<\/p><\/div>\n\n\n\n<div class=\"wp-block-stackable-button-group stk-block-button-group stk-block stk-a86a726\" data-block-id=\"a86a726\"><div class=\"stk-row stk-inner-blocks stk-block-content stk-button-group\">\n<div class=\"wp-block-stackable-button stk-block-button stk-block stk-32b6a49\" data-block-id=\"32b6a49\"><a class=\"stk-link stk-button stk--hover-effect-scale-more\" href=\"https:\/\/www.kelm.solutions\/WP\/wp-content\/uploads\/2024\/11\/KARTA_2024_POMIARY_KRUSZYW.pdf\" target=\"_blank\" rel=\"noreferrer noopener\"><span class=\"stk-button__inner-text\">Poznaj wi\u0119cej!<\/span><\/a><\/div>\n<\/div><\/div>\n<\/div><\/div><\/div>\n<\/div>\n\n\n\n<div class=\"wp-block-column is-style-default is-layout-flow wp-block-column-is-layout-flow\">\n<div class=\"wp-block-stackable-call-to-action stk-block-call-to-action stk-block stk-94a5c13 is-style-default\" data-v=\"2\" data-block-id=\"94a5c13\"><div class=\"stk-block-call-to-action__content stk-content-align stk-94a5c13-column stk-container stk-94a5c13-container stk-hover-parent\"><div class=\"has-text-align-center stk-block-content stk-inner-blocks stk-94a5c13-inner-blocks\">\n<div class=\"wp-block-stackable-heading stk-block-heading stk-block-heading--v2 stk-block stk-14b3f6f\" id=\"modelowanie-terenu-i-optymalizacja-prac-ziemnych\" data-block-id=\"14b3f6f\"><h3 class=\"stk-block-heading__text\">Modelowanie terenu i optymalizacja prac ziemnych<\/h3><\/div>\n\n\n\n<div class=\"wp-block-stackable-image stk-block-image has-text-align-center stk-block stk-6540737\" data-block-id=\"6540737\"><style>.stk-6540737 .stk-img-wrapper{aspect-ratio:16\/9 !important;height:120px !important}<\/style><figure><span class=\"stk-img-wrapper stk-image--shape-stretch\"><img decoding=\"async\" class=\"stk-img wp-image-1280\" src=\"https:\/\/www.kelm.solutions\/WP\/wp-content\/uploads\/2024\/11\/sol_2_1.jpg\" width=\"1920\" height=\"1050\" srcset=\"https:\/\/www.kelm.solutions\/WP\/wp-content\/uploads\/2024\/11\/sol_2_1.jpg 1920w, https:\/\/www.kelm.solutions\/WP\/wp-content\/uploads\/2024\/11\/sol_2_1-300x164.jpg 300w, https:\/\/www.kelm.solutions\/WP\/wp-content\/uploads\/2024\/11\/sol_2_1-768x420.jpg 768w, https:\/\/www.kelm.solutions\/WP\/wp-content\/uploads\/2024\/11\/sol_2_1-1536x840.jpg 1536w, https:\/\/www.kelm.solutions\/WP\/wp-content\/uploads\/2024\/11\/sol_2_1-500x273.jpg 500w, https:\/\/www.kelm.solutions\/WP\/wp-content\/uploads\/2024\/11\/sol_2_1-800x438.jpg 800w, https:\/\/www.kelm.solutions\/WP\/wp-content\/uploads\/2024\/11\/sol_2_1-1280x700.jpg 1280w, https:\/\/www.kelm.solutions\/WP\/wp-content\/uploads\/2024\/11\/sol_2_1-212x116.jpg 212w\" sizes=\"(max-width: 1920px) 100vw, 1920px\" \/><\/span><\/figure><\/div>\n\n\n\n<div class=\"wp-block-stackable-text stk-block-text stk-block stk-acc2d26\" data-block-id=\"acc2d26\"><p class=\"stk-block-text__text\">Modelowanie przestrzenne wg PZT, optymalizacja niwelacji i kszta\u0142towania terenu, precyzyjne modele stanu &#8220;zerowego&#8221;<\/p><\/div>\n\n\n\n<div class=\"wp-block-stackable-button-group stk-block-button-group stk-block stk-efdca9c\" data-block-id=\"efdca9c\"><div class=\"stk-row stk-inner-blocks stk-block-content stk-button-group\">\n<div class=\"wp-block-stackable-button stk-block-button stk-block stk-c9ad364\" data-block-id=\"c9ad364\"><a class=\"stk-link stk-button stk--hover-effect-scale-more\" href=\"https:\/\/www.kelm.solutions\/WP\/wp-content\/uploads\/2024\/11\/KARTA_2024_MODELOWANIE_TERENU_OPTYMALIZACJA_PRAC_ZIEMNYCH.pdf\" target=\"_blank\" rel=\"noreferrer noopener\"><span class=\"stk-button__inner-text\">Poznaj wi\u0119cej!<\/span><\/a><\/div>\n<\/div><\/div>\n<\/div><\/div><\/div>\n<\/div>\n\n\n\n<div class=\"wp-block-column is-layout-flow wp-block-column-is-layout-flow\">\n<div class=\"wp-block-stackable-call-to-action stk-block-call-to-action stk-block stk-42617a7 is-style-default\" data-v=\"2\" data-block-id=\"42617a7\"><div class=\"stk-block-call-to-action__content stk-content-align stk-42617a7-column stk-container stk-42617a7-container stk-hover-parent\"><div class=\"has-text-align-center stk-block-content stk-inner-blocks stk-42617a7-inner-blocks\">\n<div class=\"wp-block-stackable-heading stk-block-heading stk-block-heading--v2 stk-block stk-7dd5767\" id=\"analizy-geoprzestrzenne-skladowisk-odpadow-br\" data-block-id=\"7dd5767\"><h3 class=\"stk-block-heading__text\">Analizy geoprzestrzenne sk\u0142adowisk odpad\u00f3w<br><\/h3><\/div>\n\n\n\n<div class=\"wp-block-stackable-image stk-block-image has-text-align-center stk-block stk-12e322d\" data-block-id=\"12e322d\"><style>.stk-12e322d .stk-img-wrapper{aspect-ratio:16\/9 !important;height:120px !important}<\/style><figure><span class=\"stk-img-wrapper stk-image--shape-stretch\"><img decoding=\"async\" class=\"stk-img wp-image-1282\" src=\"https:\/\/www.kelm.solutions\/WP\/wp-content\/uploads\/2024\/11\/sol_3_1.jpg\" width=\"1920\" height=\"1050\" srcset=\"https:\/\/www.kelm.solutions\/WP\/wp-content\/uploads\/2024\/11\/sol_3_1.jpg 1920w, https:\/\/www.kelm.solutions\/WP\/wp-content\/uploads\/2024\/11\/sol_3_1-300x164.jpg 300w, https:\/\/www.kelm.solutions\/WP\/wp-content\/uploads\/2024\/11\/sol_3_1-768x420.jpg 768w, https:\/\/www.kelm.solutions\/WP\/wp-content\/uploads\/2024\/11\/sol_3_1-1536x840.jpg 1536w, https:\/\/www.kelm.solutions\/WP\/wp-content\/uploads\/2024\/11\/sol_3_1-500x273.jpg 500w, https:\/\/www.kelm.solutions\/WP\/wp-content\/uploads\/2024\/11\/sol_3_1-800x438.jpg 800w, https:\/\/www.kelm.solutions\/WP\/wp-content\/uploads\/2024\/11\/sol_3_1-1280x700.jpg 1280w, https:\/\/www.kelm.solutions\/WP\/wp-content\/uploads\/2024\/11\/sol_3_1-212x116.jpg 212w\" sizes=\"(max-width: 1920px) 100vw, 1920px\" \/><\/span><\/figure><\/div>\n\n\n\n<div class=\"wp-block-stackable-text stk-block-text stk-block stk-16c5839\" data-block-id=\"16c5839\"><p class=\"stk-block-text__text\">Pomiary obj\u0119to\u015bci, analizy ilo\u015bciowe i kubaturowe, cykliczny monitoring zmian, modelowanie i wizualizacje bry\u0142<\/p><\/div>\n\n\n\n<div class=\"wp-block-stackable-button-group stk-block-button-group stk-block stk-560a2c7\" data-block-id=\"560a2c7\"><div class=\"stk-row stk-inner-blocks stk-block-content stk-button-group\">\n<div class=\"wp-block-stackable-button stk-block-button stk-block stk-4554f06\" data-block-id=\"4554f06\"><a class=\"stk-link stk-button stk--hover-effect-scale-more\" href=\"https:\/\/www.kelm.solutions\/WP\/wp-content\/uploads\/2024\/11\/KARTA_2024_SKLADOWISKA_ODPADOW.pdf\" target=\"_blank\" rel=\"noreferrer noopener\"><span class=\"stk-button__inner-text\">Poznaj wi\u0119cej!<\/span><\/a><\/div>\n<\/div><\/div>\n<\/div><\/div><\/div>\n<\/div>\n<\/div>\n\n\n\n<div class=\"wp-block-stackable-text stk-block-text stk-block stk-02eb45e\" data-block-id=\"02eb45e\"><p class=\"stk-block-text__text\"><\/p><\/div>\n\n\n\n<div class=\"wp-block-stackable-text stk-block-text stk-block stk-68ee6b1\" data-block-id=\"68ee6b1\"><p class=\"stk-block-text__text\"><\/p><\/div>\n\n\n\n<div class=\"wp-block-stackable-text stk-block-text stk-block stk-a531921\" data-block-id=\"a531921\"><p class=\"stk-block-text__text\"><\/p><\/div>\n\n\n\n<div class=\"wp-block-stackable-text stk-block-text stk-block stk-ea93b09\" data-block-id=\"ea93b09\"><p class=\"stk-block-text__text\"><\/p><\/div>\n","protected":false},"excerpt":{"rendered":"<p>Nasze dzia\u0142ania nie ko\u0144cz\u0105 si\u0119 na dostarczeniu danych przestrzennych. Dopiero tutaj zaczyna si\u0119 wspania\u0142a przygoda! Prawdziwa wiedza p\u0142ynie z analizy informacji, przy wykorzystaniu wszystkich dost\u0119pnych \u017ar\u00f3de\u0142 danych. Nasza przewaga zawiera si\u0119 w rozwi\u0105zaniach, kt\u00f3re daj\u0105 Ci u\u017cyteczn\u0105 wiedz\u0119 i narz\u0119dzia w zakresie pomiar\u00f3w, szacowania, inwentaryzacji, inspekcji w wielu dziedzinach \u017cycia gospodarczego, od geologii i geodezji, [&hellip;]<\/p>\n","protected":false},"author":1,"featured_media":0,"parent":0,"menu_order":0,"comment_status":"closed","ping_status":"closed","template":"","meta":{"_eb_attr":"","site-container-style":"default","site-container-layout":"default","site-sidebar-layout":"default","disable-article-header":"default","disable-site-header":"default","disable-site-footer":"default","disable-content-area-spacing":"default","footnotes":""},"class_list":["post-1276","page","type-page","status-publish","hentry"],"jetpack-related-posts":[],"jetpack_sharing_enabled":true,"featured_media_urls":[],"_links":{"self":[{"href":"https:\/\/www.kelm.solutions\/WP\/index.php?rest_route=\/wp\/v2\/pages\/1276","targetHints":{"allow":["GET"]}}],"collection":[{"href":"https:\/\/www.kelm.solutions\/WP\/index.php?rest_route=\/wp\/v2\/pages"}],"about":[{"href":"https:\/\/www.kelm.solutions\/WP\/index.php?rest_route=\/wp\/v2\/types\/page"}],"author":[{"embeddable":true,"href":"https:\/\/www.kelm.solutions\/WP\/index.php?rest_route=\/wp\/v2\/users\/1"}],"replies":[{"embeddable":true,"href":"https:\/\/www.kelm.solutions\/WP\/index.php?rest_route=%2Fwp%2Fv2%2Fcomments&post=1276"}],"version-history":[{"count":8,"href":"https:\/\/www.kelm.solutions\/WP\/index.php?rest_route=\/wp\/v2\/pages\/1276\/revisions"}],"predecessor-version":[{"id":1298,"href":"https:\/\/www.kelm.solutions\/WP\/index.php?rest_route=\/wp\/v2\/pages\/1276\/revisions\/1298"}],"wp:attachment":[{"href":"https:\/\/www.kelm.solutions\/WP\/index.php?rest_route=%2Fwp%2Fv2%2Fmedia&parent=1276"}],"curies":[{"name":"wp","href":"https:\/\/api.w.org\/{rel}","templated":true}]}}